{"id":156,"date":"2017-12-05T12:48:58","date_gmt":"2017-12-05T14:48:58","guid":{"rendered":"https:\/\/porteirabrasil.com.br\/site\/?page_id=156"},"modified":"2017-12-05T12:48:58","modified_gmt":"2017-12-05T14:48:58","slug":"inicio","status":"publish","type":"page","link":"https:\/\/porteirabrasil.com.br\/site\/","title":{"rendered":"In\u00edcio"},"content":{"rendered":"<p>\t\t\t\t<a href=\"#\" target=\"_self\" itemprop=\"url\"><br \/>\n\t\t\t\t<img decoding=\"async\" src=\"https:\/\/porteirabrasil.com.br\/site\/wp-content\/uploads\/2017\/04\/home-1.jpg\" alt=\"home-1\" itemprop=\"image\"  \/><br \/>\n\t\t\t\t<\/a><\/p>\n<h3><a href=\"#\" target=\"_self\">Produto\/Servi\u00e7o no<\/a> 1<\/h3>\n<p>Qualquer que seja o produto ou servi\u00e7o mais popular da sua empresa, ele deve vir aqui, seja salsicha, bon\u00e9s ou remo\u00e7\u00e3o de morcegos-vampiros.<\/p>\n<p><a href=\"#\" target=\"_self\">Saiba mais<\/a><br \/>\n\t\t\t\t<a href=\"#\" target=\"_self\" itemprop=\"url\"><br \/>\n\t\t\t\t<img decoding=\"async\" src=\"https:\/\/porteirabrasil.com.br\/site\/wp-content\/uploads\/2017\/04\/home-2.jpg\" alt=\"home-2\" itemprop=\"image\"  \/><br \/>\n\t\t\t\t<\/a><\/p>\n<h3><a href=\"#\" target=\"_self\">Produto\/Servi\u00e7o no<\/a> 2<\/h3>\n<p>Qual outro item popular voc\u00ea tem para vender ou negociar? Fale sobre ele aqui usando palavras atraentes e memor\u00e1veis, para que os visitantes do site tenham que adquiri-lo.<\/p>\n<p><a href=\"#\" target=\"_self\">Saiba mais<\/a><br \/>\n\t\t\t\t<a href=\"#\" target=\"_self\" itemprop=\"url\"><br \/>\n\t\t\t\t<img decoding=\"async\" src=\"https:\/\/porteirabrasil.com.br\/site\/wp-content\/uploads\/2017\/04\/home-3.jpg\" alt=\"home-3\" itemprop=\"image\"  \/><br \/>\n\t\t\t\t<\/a><\/p>\n<h3><a href=\"#\" target=\"_self\">Produo\/Servi\u00e7o no<\/a> 3<\/h3>\n<p>N\u00e3o pense nesse produto ou servi\u00e7o como seu terceiro favorito, mas como o medalhista de bronze em uma competi\u00e7\u00e3o por medalhas ol\u00edmpicas de \u00f3timos produtos\/servi\u00e7os.<\/p>\n<p><a href=\"#\" target=\"_self\">Saiba mais<\/a>\t\t <\/p>\n<h3>Sua principal mensagem<\/h3>\n<p>Use este espa\u00e7o para contar \u00e0s pessoas o que sua empresa faz e como. Pelo que voc\u00ea \u00e9 conhecido? Quem gosta de voc\u00ea? Qual \u00e9 sua principal vantagem competitiva?<\/p>\n<p>Inclua tudo o que torna seu neg\u00f3cio \u00fanico e melhor que a concorr\u00eancia. Voc\u00ea tem um processo patenteado de 13 etapas para taxidermia que resulta em corujas de pel\u00facia que parecem reais? Voc\u00ea precisa mencionar isso.<\/p>\n<p>Outras boas formas de elaborar essa c\u00f3pia incluem: pr\u00eamios recebidos, distin\u00e7\u00f5es concedidas, n\u00famero de produtos vendidos, filosofia da empresa (seja breve), breves hist\u00f3rias interessantes sobre a empresa e qualquer outra coisa que fa\u00e7a com que o leitor acredite que voc\u00ea seja incr\u00edvel.<\/p>\n<p>\t\t\t\t<img decoding=\"async\" src=\"https:\/\/porteirabrasil.com.br\/site\/wp-content\/uploads\/2017\/04\/home-4.jpg\" alt=\"home-4\" itemprop=\"image\"  \/><\/p>\n<h3>Pr\u00f3ximas etapas&#8230;<\/h3>\n<p>A principal chamada \u00e0 a\u00e7\u00e3o de um poss\u00edvel cliente, como solicitar uma cota\u00e7\u00e3o ou pesquisar no seu cat\u00e1logo de produtos.<\/p>\n<p>\t<a href=\"\" target=\"_self\" role=\"button\"><br \/>\n\t\t\t\t\t\tChamada \u00e0 a\u00e7\u00e3o<br \/>\n\t\t\t\t\t<\/a><\/p>\n","protected":false},"excerpt":{"rendered":"<p>Produto\/Servi\u00e7o no 1 Qualquer que seja o produto ou servi\u00e7o mais popular da sua empresa, ele deve vir aqui, seja<\/p>\n","protected":false},"author":1,"featured_media":0,"parent":0,"menu_order":0,"comment_status":"closed","ping_status":"closed","template":"","meta":{"footnotes":""},"class_list":["post-156","page","type-page","status-publish","hentry"],"_links":{"self":[{"href":"https:\/\/porteirabrasil.com.br\/site\/wp-json\/wp\/v2\/pages\/156","targetHints":{"allow":["GET"]}}],"collection":[{"href":"https:\/\/porteirabrasil.com.br\/site\/wp-json\/wp\/v2\/pages"}],"about":[{"href":"https:\/\/porteirabrasil.com.br\/site\/wp-json\/wp\/v2\/types\/page"}],"author":[{"embeddable":true,"href":"https:\/\/porteirabrasil.com.br\/site\/wp-json\/wp\/v2\/users\/1"}],"replies":[{"embeddable":true,"href":"https:\/\/porteirabrasil.com.br\/site\/wp-json\/wp\/v2\/comments?post=156"}],"version-history":[{"count":1,"href":"https:\/\/porteirabrasil.com.br\/site\/wp-json\/wp\/v2\/pages\/156\/revisions"}],"predecessor-version":[{"id":302,"href":"https:\/\/porteirabrasil.com.br\/site\/wp-json\/wp\/v2\/pages\/156\/revisions\/302"}],"wp:attachment":[{"href":"https:\/\/porteirabrasil.com.br\/site\/wp-json\/wp\/v2\/media?parent=156"}],"curies":[{"name":"wp","href":"https:\/\/api.w.org\/{rel}","templated":true}]}}