{"id":158,"date":"2017-12-05T12:48:58","date_gmt":"2017-12-05T14:48:58","guid":{"rendered":"https:\/\/porteirabrasil.com.br\/site\/?page_id=158"},"modified":"2017-12-11T15:38:53","modified_gmt":"2017-12-11T17:38:53","slug":"servicos","status":"publish","type":"page","link":"https:\/\/porteirabrasil.com.br\/site\/servicos\/","title":{"rendered":"Servi\u00e7os"},"content":{"rendered":"<h3>Estrat\u00e9gia<\/h3>\n<p>Defini\u00e7\u00e3o de pol\u00edticas e estrat\u00e9gias de comunica\u00e7\u00e3o<\/p>\n<p>&nbsp;<\/p>\n<h3> Grava\u00e7\u00f5es de TV<\/h3>\n<p>Agendamento e acompanhamento<\/p>\n<h3>Pauta + Follow  <\/h3>\n<p>Sugest\u00e3o de pautas e contato direto com as produ\u00e7\u00f5es e reda\u00e7\u00f5es<\/p>\n<h3>Releases  <\/h3>\n<p>Elabora\u00e7\u00e3o de releases e notas para a imprensa<\/p>\n<h3>Acompanhamento<\/h3>\n<p>Reuni\u00f5es peri\u00f3dicas com o cliente para defini\u00e7\u00e3o de estrat\u00e9gias e acompanhamento<\/p>\n","protected":false},"excerpt":{"rendered":"<p>Estrat\u00e9gia Defini\u00e7\u00e3o de pol\u00edticas e estrat\u00e9gias de comunica\u00e7\u00e3o &nbsp; Grava\u00e7\u00f5es de TV Agendamento e acompanhamento Pauta + Follow Sugest\u00e3o de<\/p>\n","protected":false},"author":1,"featured_media":0,"parent":0,"menu_order":0,"comment_status":"closed","ping_status":"closed","template":"","meta":{"footnotes":""},"class_list":["post-158","page","type-page","status-publish","hentry"],"_links":{"self":[{"href":"https:\/\/porteirabrasil.com.br\/site\/wp-json\/wp\/v2\/pages\/158","targetHints":{"allow":["GET"]}}],"collection":[{"href":"https:\/\/porteirabrasil.com.br\/site\/wp-json\/wp\/v2\/pages"}],"about":[{"href":"https:\/\/porteirabrasil.com.br\/site\/wp-json\/wp\/v2\/types\/page"}],"author":[{"embeddable":true,"href":"https:\/\/porteirabrasil.com.br\/site\/wp-json\/wp\/v2\/users\/1"}],"replies":[{"embeddable":true,"href":"https:\/\/porteirabrasil.com.br\/site\/wp-json\/wp\/v2\/comments?post=158"}],"version-history":[{"count":3,"href":"https:\/\/porteirabrasil.com.br\/site\/wp-json\/wp\/v2\/pages\/158\/revisions"}],"predecessor-version":[{"id":573,"href":"https:\/\/porteirabrasil.com.br\/site\/wp-json\/wp\/v2\/pages\/158\/revisions\/573"}],"wp:attachment":[{"href":"https:\/\/porteirabrasil.com.br\/site\/wp-json\/wp\/v2\/media?parent=158"}],"curies":[{"name":"wp","href":"https:\/\/api.w.org\/{rel}","templated":true}]}}