{"id":2,"date":"2017-12-05T12:48:58","date_gmt":"2017-12-05T14:48:58","guid":{"rendered":"https:\/\/porteirabrasil.com.br\/site\/?page_id=2"},"modified":"2017-12-06T13:06:17","modified_gmt":"2017-12-06T15:06:17","slug":"sobre-nos","status":"publish","type":"page","link":"https:\/\/porteirabrasil.com.br\/site\/sobre-nos\/","title":{"rendered":"Quem Somos"},"content":{"rendered":"<p>\t\t\t\t<img decoding=\"async\" src=\"https:\/\/porteirabrasil.com.br\/site\/wp-content\/uploads\/2017\/12\/logo_porteirabrasil_site.jpg\" alt=\"logo_porteirabrasil_site\" itemprop=\"image\"  \/><\/p>\n<h3>Nossa abordagem<\/h3>\n<p data-ccp-props=\"{&quot;335551550&quot;:6,&quot;335551620&quot;:6,&quot;335559683&quot;:0,&quot;335559685&quot;:0,&quot;335559731&quot;:0,&quot;335559737&quot;:0,&quot;335562764&quot;:2,&quot;335562765&quot;:1,&quot;335562766&quot;:4,&quot;335562767&quot;:0,&quot;335562768&quot;:4,&quot;335562769&quot;:0}\">A Porteira Brasil Comunica\u00e7\u00e3o foi criada com o objetivo de oferecer servi\u00e7o de qualidade na assessoria de comunica\u00e7\u00e3o nas m\u00eddias impressa (jornais e revistas), internet (sites e portais de not\u00edcias), televis\u00e3o e programas de r\u00e1dio.\u200b\u200b<\/p>\n<p data-ccp-props=\"{&quot;335551550&quot;:6,&quot;335551620&quot;:6,&quot;335559683&quot;:0,&quot;335559685&quot;:0,&quot;335559731&quot;:0,&quot;335559737&quot;:0,&quot;335562764&quot;:2,&quot;335562765&quot;:1,&quot;335562766&quot;:4,&quot;335562767&quot;:0,&quot;335562768&quot;:4,&quot;335562769&quot;:0}\">Por acreditar nas necessidades particulares de cada cliente, priorizamos o atendimento personalizado na elabora\u00e7\u00e3o de pautas, cria\u00e7\u00e3o de textos e releases, agendamento e acompanhamento de entrevistas. Elaboramos e executamos estrat\u00e9gias de comunica\u00e7\u00e3o para fortalecimento da imagem de nossos clientes junto \u00e0 imprensa.\u200b<\/p>\n<h3 style=\"text-align: left;\">Fun\u00e7\u00f5es da Assessoria de Imprensa e TV<\/h3>\n<p>Defini\u00e7\u00e3o de pol\u00edticas e estrat\u00e9gias de comunica\u00e7\u00e3o;\u200b<br \/>\n\u200b<br \/>\nPrepara\u00e7\u00e3o dos envolvidos para entrevistas (capacita\u00e7\u00e3o para o relacionamento com a imprensa);\u200b<br \/>\n\u200b<br \/>\nPlanejamento de m\u00eddia;\u200b<br \/>\n\u200b<br \/>\nElabora\u00e7\u00e3o de releases e notas para imprensa;\u200b<br \/>\n\u200b<br \/>\nCria\u00e7\u00e3o e envio de sugest\u00f5es de pauta;\u200b<br \/>\n\u200b<br \/>\nContatos telef\u00f4nicos com reda\u00e7\u00f5es e produ\u00e7\u00f5es de TV;\u200b<br \/>\n\u200b<br \/>\nMarca\u00e7\u00e3o e acompanhamento de entrevistas;\u200b<br \/>\n\u200b<br \/>\nReuni\u00f5es peri\u00f3dicas com o cliente para defini\u00e7\u00e3o de estrat\u00e9gias e acompanhamento;\u200b<br \/>\n\u200b<br \/>\nEstabelecer relacionamento s\u00f3lido e constante com os meios de comunica\u00e7\u00e3o, fortalecendo a imagem do cliente.\u200b<\/p>\n<h3 style=\"text-align: left;\">Fa\u00e7a uma consulta sem compromisso<\/h3>\n<p>Basta enviar e-mail para carlos.guerra@porteirabrasil.com.br.br ou ligar para (11) 99153-0414 (whatsApp)<\/p>\n","protected":false},"excerpt":{"rendered":"<p>Nossa abordagem A Porteira Brasil Comunica\u00e7\u00e3o foi criada com o objetivo de oferecer servi\u00e7o de qualidade na assessoria de comunica\u00e7\u00e3o<\/p>\n","protected":false},"author":1,"featured_media":0,"parent":0,"menu_order":0,"comment_status":"closed","ping_status":"closed","template":"","meta":{"footnotes":""},"class_list":["post-2","page","type-page","status-publish","hentry"],"_links":{"self":[{"href":"https:\/\/porteirabrasil.com.br\/site\/wp-json\/wp\/v2\/pages\/2","targetHints":{"allow":["GET"]}}],"collection":[{"href":"https:\/\/porteirabrasil.com.br\/site\/wp-json\/wp\/v2\/pages"}],"about":[{"href":"https:\/\/porteirabrasil.com.br\/site\/wp-json\/wp\/v2\/types\/page"}],"author":[{"embeddable":true,"href":"https:\/\/porteirabrasil.com.br\/site\/wp-json\/wp\/v2\/users\/1"}],"replies":[{"embeddable":true,"href":"https:\/\/porteirabrasil.com.br\/site\/wp-json\/wp\/v2\/comments?post=2"}],"version-history":[{"count":3,"href":"https:\/\/porteirabrasil.com.br\/site\/wp-json\/wp\/v2\/pages\/2\/revisions"}],"predecessor-version":[{"id":488,"href":"https:\/\/porteirabrasil.com.br\/site\/wp-json\/wp\/v2\/pages\/2\/revisions\/488"}],"wp:attachment":[{"href":"https:\/\/porteirabrasil.com.br\/site\/wp-json\/wp\/v2\/media?parent=2"}],"curies":[{"name":"wp","href":"https:\/\/api.w.org\/{rel}","templated":true}]}}